{"id":57,"date":"2012-08-01T16:10:01","date_gmt":"2012-08-01T16:10:01","guid":{"rendered":"http:\/\/centrodeyogadeleon.wordpress.com\/?page_id=57"},"modified":"2020-09-13T18:00:27","modified_gmt":"2020-09-13T18:00:27","slug":"contacto","status":"publish","type":"page","link":"https:\/\/yogaleonburgonuevo.com\/index.php\/contacto\/","title":{"rendered":"Contacto"},"content":{"rendered":"<p>Direcci\u00f3n Postal:\u00a0\u00a0 C\/ Garc\u00eda 1- N\u00ba2 Bajo- 24003- Le\u00f3n<\/p>\n<p>e-mail:\u00a0 <span style=\"color: #993366;\"><strong>silvidchica@gmail.com<\/strong><\/span><\/p>\n<p>Tlfno:\u00a0\u00a0\u00a0\u00a0<strong> 676384041<\/strong> De lunes a jueves.<br \/>\nNos es imposible atender el tel\u00e9fono durante las clases. Disc\u00falpanos.<\/p>\n<p><img decoding=\"async\" class=\"alignnone  wp-image-838\" src=\"https:\/\/centrodeyogadeleon.files.wordpress.com\/2018\/12\/facebook.png\" alt=\"facebook\" width=\"26\" height=\"26\" \/>\u00a0 <strong><span style=\"color: #800080;\">www.facebook.com\/centrodeyogadeleonburgonuevo<\/span><\/strong><\/p>\n<p><strong><img decoding=\"async\" class=\"alignnone  wp-image-839\" src=\"https:\/\/centrodeyogadeleon.files.wordpress.com\/2018\/12\/images.jpg\" alt=\"images\" width=\"52\" height=\"52\" \/><span style=\"color: #800080;\"><a class=\"FPmhX notranslate nJAzx\" style=\"color: #800080;\" title=\"yoga_leon_burgo_nuevo\" href=\"https:\/\/www.instagram.com\/yoga_leon_burgo_nuevo\/\">yoga_leon_burgo_nuevo<\/a><\/span><\/strong><strong><br \/>\n<\/strong><\/p>\n<p>Puedes\u00a0 env\u00edar un e-mail a la direcci\u00f3n arriba indicada para quedar y charlar sobre tu cuesti\u00f3n o para concertar una cita.<\/p>\n<p><a href=\"http:\/\/centrodeyogadeleon.files.wordpress.com\/2012\/08\/mg_6941.jpg\"><img fetchpriority=\"high\" decoding=\"async\" class=\"aligncenter size-medium wp-image-246\" title=\"_MG_6941\" src=\"http:\/\/centrodeyogadeleon.files.wordpress.com\/2012\/08\/mg_6941.jpg?w=300\" alt=\"\" width=\"300\" height=\"200\" \/><\/a><\/p>\n<p>Gracias.<\/p>\n","protected":false},"excerpt":{"rendered":"<p>Direcci\u00f3n Postal:\u00a0\u00a0 C\/ Garc\u00eda 1- N\u00ba2 Bajo- 24003- Le\u00f3n e-mail:\u00a0 silvidchica@gmail.com Tlfno:\u00a0\u00a0\u00a0\u00a0 676384041 De lunes a jueves. Nos es imposible atender el tel\u00e9fono durante las clases. Disc\u00falpanos. \u00a0 www.facebook.com\/centrodeyogadeleonburgonuevo yoga_leon_burgo_nuevo Puedes\u00a0 env\u00edar un e-mail a la direcci\u00f3n arriba indicada para quedar y charlar sobre tu cuesti\u00f3n o para concertar una cita. Gracias.<\/p>\n","protected":false},"author":2,"featured_media":784,"parent":0,"menu_order":6,"comment_status":"closed","ping_status":"closed","template":"","meta":{"footnotes":""},"class_list":["post-57","page","type-page","status-publish","has-post-thumbnail","hentry"],"_links":{"self":[{"href":"https:\/\/yogaleonburgonuevo.com\/index.php\/wp-json\/wp\/v2\/pages\/57","targetHints":{"allow":["GET"]}}],"collection":[{"href":"https:\/\/yogaleonburgonuevo.com\/index.php\/wp-json\/wp\/v2\/pages"}],"about":[{"href":"https:\/\/yogaleonburgonuevo.com\/index.php\/wp-json\/wp\/v2\/types\/page"}],"author":[{"embeddable":true,"href":"https:\/\/yogaleonburgonuevo.com\/index.php\/wp-json\/wp\/v2\/users\/2"}],"replies":[{"embeddable":true,"href":"https:\/\/yogaleonburgonuevo.com\/index.php\/wp-json\/wp\/v2\/comments?post=57"}],"version-history":[{"count":4,"href":"https:\/\/yogaleonburgonuevo.com\/index.php\/wp-json\/wp\/v2\/pages\/57\/revisions"}],"predecessor-version":[{"id":1501,"href":"https:\/\/yogaleonburgonuevo.com\/index.php\/wp-json\/wp\/v2\/pages\/57\/revisions\/1501"}],"wp:featuredmedia":[{"embeddable":true,"href":"https:\/\/yogaleonburgonuevo.com\/index.php\/wp-json\/wp\/v2\/media\/784"}],"wp:attachment":[{"href":"https:\/\/yogaleonburgonuevo.com\/index.php\/wp-json\/wp\/v2\/media?parent=57"}],"curies":[{"name":"wp","href":"https:\/\/api.w.org\/{rel}","templated":true}]}}