{"id":55,"date":"2012-08-01T16:09:42","date_gmt":"2012-08-01T16:09:42","guid":{"rendered":"http:\/\/centrodeyogadeleon.wordpress.com\/?page_id=55"},"modified":"2025-09-11T07:13:13","modified_gmt":"2025-09-11T07:13:13","slug":"profesores","status":"publish","type":"page","link":"https:\/\/yogaleonburgonuevo.com\/index.php\/profesores\/","title":{"rendered":"Equipo"},"content":{"rendered":"<p><strong>Silvia D Chica<\/strong>, soy profesora certificada por la AEYI (asociaci\u00f3n espa\u00f1ola de Yoga Iyengar) y por el RIMYI (instituto Ramamani de Yoga Iyengar de Pune, India)\u00a0 y diplomada por la \u00c9cole Europe\u00e9ne de Sources vives, Yoga, Aliento y Energ\u00eda, escuela fundada por Martine Le Chenic.<\/p>\n<p>Dirijo el Centro de Yoga de Le\u00f3n Burgo Nuevo desde el 2007, profesora desde el 2004. Hice la formaci\u00f3n de profesores de Yoga Iyengar en Barcelona con Jordi Marti y he asistido a cursos con un buen n\u00famero de profesores. Me gusta estar en constante formaci\u00f3n.<\/p>\n<p>Aunque la primera profesora, la que me inici\u00f3 y me mostr\u00f3 este camino, y a quien le debo toda mi evoluci\u00f3n es <span style=\"color: #993366;\"><strong>Chus Garc\u00eda Revuelta.<\/strong><\/span><\/p>\n<p style=\"text-align: left;\">En el a\u00f1o 2008 estuve en Pune en el Instituto Ramamani recibiendo las ense\u00f1anzas directas de la Dra. Geeta Iyengar, Prashant Iyengar y el\u00a0 maestro de maestros B.K.S. Iyengar.<\/p>\n<p>Entre mis maestros tengo que mencionar al querido <strong>Xavi Alongina<\/strong> que ya no est\u00e1 entre nosotros y que me mostr\u00f3 con dulzura un camino precioso de yoga y meditaci\u00f3n.<\/p>\n<p style=\"text-align: left;\">Actualmente sigo la ense\u00f1anza directa de <span style=\"color: #000000;\"><strong>Martine Le Chenic,\u00a0 Christian Pisano y Marta Mahou.<\/strong><\/span><strong><span style=\"color: #993366;\"><br \/><\/span><\/strong><\/p>\n<p style=\"text-align: left;\">Practico regularmente y siempre que puedo asisto a intensivos y jornadas de reciclaje para profesores. Disfruto con la ense\u00f1anza y la veo como un medio para seguir aprendiendo de este noble arte que es el Yoga cada vez con m\u00e1s libertad y consciencia adoptando esta disciplina como forma de vida.<\/p>\n<p>El Centro de Le\u00f3n ha sido una escuela de ense\u00f1anza tradici\u00f3n Iyengar desde 1995, y as\u00ed continuamos, con esa inspiraci\u00f3n y a\u00f1adiendo todo lo que vamos aprendiendo.<\/p>\n<h6>\u00a0<\/h6>\n\n\n<figure class=\"wp-block-gallery has-nested-images columns-default is-cropped wp-block-gallery-1 is-layout-flex wp-block-gallery-is-layout-flex\">\n<figure class=\"wp-block-image size-large\"><img fetchpriority=\"high\" decoding=\"async\" width=\"768\" height=\"1024\" data-id=\"2274\" src=\"http:\/\/yogaleonburgonuevo.com\/wp-content\/uploads\/2025\/09\/ac4d99c7-f123-4a9d-b31f-40f4518eccdb-768x1024.jpeg\" alt=\"\" class=\"wp-image-2274\" srcset=\"https:\/\/yogaleonburgonuevo.com\/wp-content\/uploads\/2025\/09\/ac4d99c7-f123-4a9d-b31f-40f4518eccdb-768x1024.jpeg 768w, https:\/\/yogaleonburgonuevo.com\/wp-content\/uploads\/2025\/09\/ac4d99c7-f123-4a9d-b31f-40f4518eccdb-225x300.jpeg 225w, https:\/\/yogaleonburgonuevo.com\/wp-content\/uploads\/2025\/09\/ac4d99c7-f123-4a9d-b31f-40f4518eccdb-1152x1536.jpeg 1152w, https:\/\/yogaleonburgonuevo.com\/wp-content\/uploads\/2025\/09\/ac4d99c7-f123-4a9d-b31f-40f4518eccdb.jpeg 1536w\" sizes=\"(max-width: 768px) 100vw, 768px\" \/><\/figure>\n\n\n\n<figure class=\"wp-block-image size-large\"><img decoding=\"async\" width=\"1024\" height=\"768\" data-id=\"2275\" src=\"http:\/\/yogaleonburgonuevo.com\/wp-content\/uploads\/2025\/09\/f63e16f7-b780-4a4c-8620-ac08ec820d2e-1024x768.jpeg\" alt=\"\" class=\"wp-image-2275\" srcset=\"https:\/\/yogaleonburgonuevo.com\/wp-content\/uploads\/2025\/09\/f63e16f7-b780-4a4c-8620-ac08ec820d2e-1024x768.jpeg 1024w, https:\/\/yogaleonburgonuevo.com\/wp-content\/uploads\/2025\/09\/f63e16f7-b780-4a4c-8620-ac08ec820d2e-300x225.jpeg 300w, https:\/\/yogaleonburgonuevo.com\/wp-content\/uploads\/2025\/09\/f63e16f7-b780-4a4c-8620-ac08ec820d2e-768x576.jpeg 768w, https:\/\/yogaleonburgonuevo.com\/wp-content\/uploads\/2025\/09\/f63e16f7-b780-4a4c-8620-ac08ec820d2e-1536x1152.jpeg 1536w, https:\/\/yogaleonburgonuevo.com\/wp-content\/uploads\/2025\/09\/f63e16f7-b780-4a4c-8620-ac08ec820d2e.jpeg 1600w\" sizes=\"(max-width: 1024px) 100vw, 1024px\" \/><\/figure>\n<\/figure>\n","protected":false},"excerpt":{"rendered":"<p>Silvia D Chica, soy profesora certificada por la AEYI (asociaci\u00f3n espa\u00f1ola de Yoga Iyengar) y por el RIMYI (instituto Ramamani de Yoga Iyengar de Pune, India)\u00a0 y diplomada por la \u00c9cole Europe\u00e9ne de Sources vives, Yoga, Aliento y Energ\u00eda, escuela fundada por Martine Le Chenic. Dirijo el Centro de Yoga de Le\u00f3n Burgo Nuevo desde [&hellip;]<\/p>\n","protected":false},"author":2,"featured_media":244,"parent":0,"menu_order":4,"comment_status":"closed","ping_status":"closed","template":"","meta":{"footnotes":""},"class_list":["post-55","page","type-page","status-publish","has-post-thumbnail","hentry"],"_links":{"self":[{"href":"https:\/\/yogaleonburgonuevo.com\/index.php\/wp-json\/wp\/v2\/pages\/55","targetHints":{"allow":["GET"]}}],"collection":[{"href":"https:\/\/yogaleonburgonuevo.com\/index.php\/wp-json\/wp\/v2\/pages"}],"about":[{"href":"https:\/\/yogaleonburgonuevo.com\/index.php\/wp-json\/wp\/v2\/types\/page"}],"author":[{"embeddable":true,"href":"https:\/\/yogaleonburgonuevo.com\/index.php\/wp-json\/wp\/v2\/users\/2"}],"replies":[{"embeddable":true,"href":"https:\/\/yogaleonburgonuevo.com\/index.php\/wp-json\/wp\/v2\/comments?post=55"}],"version-history":[{"count":18,"href":"https:\/\/yogaleonburgonuevo.com\/index.php\/wp-json\/wp\/v2\/pages\/55\/revisions"}],"predecessor-version":[{"id":2276,"href":"https:\/\/yogaleonburgonuevo.com\/index.php\/wp-json\/wp\/v2\/pages\/55\/revisions\/2276"}],"wp:featuredmedia":[{"embeddable":true,"href":"https:\/\/yogaleonburgonuevo.com\/index.php\/wp-json\/wp\/v2\/media\/244"}],"wp:attachment":[{"href":"https:\/\/yogaleonburgonuevo.com\/index.php\/wp-json\/wp\/v2\/media?parent=55"}],"curies":[{"name":"wp","href":"https:\/\/api.w.org\/{rel}","templated":true}]}}