{"id":235,"date":"2012-09-15T21:58:09","date_gmt":"2012-09-15T21:58:09","guid":{"rendered":"http:\/\/centrodeyogadeleon.wordpress.com\/?page_id=235"},"modified":"2025-05-21T13:37:40","modified_gmt":"2025-05-21T13:37:40","slug":"el-horario","status":"publish","type":"page","link":"https:\/\/yogaleonburgonuevo.com\/index.php\/el-horario\/","title":{"rendered":"El horario"},"content":{"rendered":"\n<p><\/p>\n\n\n\n<p class=\"has-text-align-center\"><strong>Este es el horario que tendremos en el curso 202<\/strong>4\/25<\/p>\n\n\n\n<figure class=\"wp-block-gallery has-nested-images columns-default is-cropped wp-block-gallery-1 is-layout-flex wp-block-gallery-is-layout-flex\">\n<figure class=\"wp-block-image size-large\"><img fetchpriority=\"high\" decoding=\"async\" width=\"1024\" height=\"480\" data-id=\"2156\" src=\"http:\/\/yogaleonburgonuevo.com\/wp-content\/uploads\/2024\/06\/horario-24-25-1024x480.jpg\" alt=\"\" class=\"wp-image-2156\" srcset=\"https:\/\/yogaleonburgonuevo.com\/wp-content\/uploads\/2024\/06\/horario-24-25-1024x480.jpg 1024w, https:\/\/yogaleonburgonuevo.com\/wp-content\/uploads\/2024\/06\/horario-24-25-300x141.jpg 300w, https:\/\/yogaleonburgonuevo.com\/wp-content\/uploads\/2024\/06\/horario-24-25-768x360.jpg 768w, https:\/\/yogaleonburgonuevo.com\/wp-content\/uploads\/2024\/06\/horario-24-25-1536x720.jpg 1536w, https:\/\/yogaleonburgonuevo.com\/wp-content\/uploads\/2024\/06\/horario-24-25.jpg 1582w\" sizes=\"(max-width: 1024px) 100vw, 1024px\" \/><\/figure>\n<\/figure>\n\n\n\n<p> En el mes de junio 25 brimos inscripciones para el nuevo curso 25\/26 que comenzar\u00e1 el mi\u00e9rcoles 17 de septiembre 25 <\/p>\n\n\n\n<figure class=\"wp-block-image aligncenter size-large is-resized\"><img decoding=\"async\" width=\"1024\" height=\"1024\" src=\"http:\/\/yogaleonburgonuevo.com\/wp-content\/uploads\/2025\/05\/nuevo-curso-25-26-1024x1024.png\" alt=\"\" class=\"wp-image-2224\" style=\"width:408px;height:auto\" srcset=\"https:\/\/yogaleonburgonuevo.com\/wp-content\/uploads\/2025\/05\/nuevo-curso-25-26-1024x1024.png 1024w, https:\/\/yogaleonburgonuevo.com\/wp-content\/uploads\/2025\/05\/nuevo-curso-25-26-300x300.png 300w, https:\/\/yogaleonburgonuevo.com\/wp-content\/uploads\/2025\/05\/nuevo-curso-25-26-150x150.png 150w, https:\/\/yogaleonburgonuevo.com\/wp-content\/uploads\/2025\/05\/nuevo-curso-25-26-768x768.png 768w, https:\/\/yogaleonburgonuevo.com\/wp-content\/uploads\/2025\/05\/nuevo-curso-25-26.png 1181w\" sizes=\"(max-width: 1024px) 100vw, 1024px\" \/><\/figure>\n\n\n\n<p class=\"has-text-align-center\"><\/p>\n\n\n\n<p class=\"has-text-align-center\"><strong>Si tienes preguntas escribe a : silvidchica@gmail.com<\/strong><\/p>\n\n\n<p>Antes de comenzar los alumnos nuevos pasar\u00e1n por una <strong>charla previa<\/strong> donde se les ubica en horario y grupo, as\u00ed como vemos las circunstancias f\u00edsicas y mentales de la persona.<\/p>\n<p><strong>Todos<\/strong> los estudiantes que no hayan practicado yoga con antelaci\u00f3n, o que no hayan estado con nosotros en esta escuela, <strong>al menos 6 meses<\/strong>, deber\u00e1n comenzar por el nivel <strong>Iniciaci\u00f3n<\/strong> que dura una hora y cuarto<\/p>\n<p>Nivel GENERAL I para las personas que ya han pasado un curso o dos, y GENERAL II para los que llevan m\u00e1s de 3 o 4 a\u00f1os.<strong><br \/><\/strong><\/p>\n<div class=\"text_exposed_show\">\n<p>El Centro de yoga de Le\u00f3n-Burgo Nuevo\u00a0 lleva 28 a\u00f1os impartiendo YOGA.<br \/>Siempre encontrareis profesores certificados, que llevan una larga y continuada trayectoria en este arte y camino que es el YOGA. Todos seguimos cursos y estamos en constante formaci\u00f3n. Nos apasiona este arte, y lo que pretendemos es ense\u00f1ar lo que a nosotros nos han ense\u00f1ado.<br \/>Siempre que algo te viene bien, siempre que crees en ello, lo quieres compartir. Por esto ense\u00f1amos y continuamos, con la inspiraci\u00f3n del maestro BKS IYENGAR, siempre con nosotros, y con otros profesores y maestros que llevan m\u00e1s de 30 a\u00f1os ense\u00f1ando\u00a0 como MARTINE LE CHENIC, CRISTIAN PISANO, JUNE WHITTAKER que a veces nos visitan para enriquecer nuestra pr\u00e1ctica y nuestro entendimiento.<\/p>\n<\/div>\n<div>\u00a0<\/div>\n<div class=\"text_exposed_show\"><strong>\u00a0<\/strong><\/div>\n<div>\u00a0<\/div>\n<p><a href=\"https:\/\/centrodeyogadeleon.files.wordpress.com\/2012\/09\/la-contemplacic3b3n.jpg\"><img decoding=\"async\" class=\"wp-image-620 aligncenter\" src=\"https:\/\/centrodeyogadeleon.files.wordpress.com\/2012\/09\/la-contemplacic3b3n.jpg?w=640\" alt=\"la contemplaci\u00f3n\" width=\"321\" height=\"229\" \/><\/a><\/p>\n<p><span style=\"border-radius: 2px; text-indent: 20px; width: auto; padding: 0 4px 0 0; text-align: center; font: bold 11px\/20px 'Helvetica Neue', Helvetica, sans-serif; color: #ffffff; background: #bd081c no-repeat scroll 3px 50% \/ 14px 14px; position: absolute; opacity: .85; z-index: 8675309; display: none; cursor: pointer; top: 83px; left: 20px;\">Guardar<\/span><\/p>\n\n\n<figure class=\"wp-block-image aligncenter size-large is-resized is-style-rounded\"><img loading=\"lazy\" decoding=\"async\" width=\"1024\" height=\"768\" src=\"http:\/\/yogaleonburgonuevo.com\/wp-content\/uploads\/2021\/09\/20201119_181642-1024x768.jpg\" alt=\"\" class=\"wp-image-1703\" style=\"width:435px;height:326px\" srcset=\"https:\/\/yogaleonburgonuevo.com\/wp-content\/uploads\/2021\/09\/20201119_181642-1024x768.jpg 1024w, https:\/\/yogaleonburgonuevo.com\/wp-content\/uploads\/2021\/09\/20201119_181642-300x225.jpg 300w, https:\/\/yogaleonburgonuevo.com\/wp-content\/uploads\/2021\/09\/20201119_181642-768x576.jpg 768w, https:\/\/yogaleonburgonuevo.com\/wp-content\/uploads\/2021\/09\/20201119_181642-1536x1152.jpg 1536w, https:\/\/yogaleonburgonuevo.com\/wp-content\/uploads\/2021\/09\/20201119_181642-2048x1536.jpg 2048w\" sizes=\"(max-width: 1024px) 100vw, 1024px\" \/><\/figure>\n\n\n\n<p><\/p>\n","protected":false},"excerpt":{"rendered":"<p>Este es el horario que tendremos en el curso 2024\/25 En el mes de junio 25 brimos inscripciones para el nuevo curso 25\/26 que comenzar\u00e1 el mi\u00e9rcoles 17 de septiembre 25 Si tienes preguntas escribe a : silvidchica@gmail.com Antes de comenzar los alumnos nuevos pasar\u00e1n por una charla previa donde se les ubica en horario [&hellip;]<\/p>\n","protected":false},"author":2,"featured_media":236,"parent":0,"menu_order":0,"comment_status":"open","ping_status":"open","template":"","meta":{"footnotes":""},"class_list":["post-235","page","type-page","status-publish","has-post-thumbnail","hentry"],"_links":{"self":[{"href":"https:\/\/yogaleonburgonuevo.com\/index.php\/wp-json\/wp\/v2\/pages\/235","targetHints":{"allow":["GET"]}}],"collection":[{"href":"https:\/\/yogaleonburgonuevo.com\/index.php\/wp-json\/wp\/v2\/pages"}],"about":[{"href":"https:\/\/yogaleonburgonuevo.com\/index.php\/wp-json\/wp\/v2\/types\/page"}],"author":[{"embeddable":true,"href":"https:\/\/yogaleonburgonuevo.com\/index.php\/wp-json\/wp\/v2\/users\/2"}],"replies":[{"embeddable":true,"href":"https:\/\/yogaleonburgonuevo.com\/index.php\/wp-json\/wp\/v2\/comments?post=235"}],"version-history":[{"count":37,"href":"https:\/\/yogaleonburgonuevo.com\/index.php\/wp-json\/wp\/v2\/pages\/235\/revisions"}],"predecessor-version":[{"id":2225,"href":"https:\/\/yogaleonburgonuevo.com\/index.php\/wp-json\/wp\/v2\/pages\/235\/revisions\/2225"}],"wp:featuredmedia":[{"embeddable":true,"href":"https:\/\/yogaleonburgonuevo.com\/index.php\/wp-json\/wp\/v2\/media\/236"}],"wp:attachment":[{"href":"https:\/\/yogaleonburgonuevo.com\/index.php\/wp-json\/wp\/v2\/media?parent=235"}],"curies":[{"name":"wp","href":"https:\/\/api.w.org\/{rel}","templated":true}]}}