{"id":1171,"date":"2019-09-04T09:42:03","date_gmt":"2019-09-04T09:42:03","guid":{"rendered":"http:\/\/yogaleonburgonuevo.com\/?page_id=1171"},"modified":"2025-10-13T11:45:53","modified_gmt":"2025-10-13T11:45:53","slug":"bienvenido","status":"publish","type":"page","link":"https:\/\/yogaleonburgonuevo.com\/","title":{"rendered":"Inicio"},"content":{"rendered":"\n<figure class=\"wp-block-image size-large\"><img fetchpriority=\"high\" decoding=\"async\" width=\"1024\" height=\"416\" src=\"http:\/\/yogaleonburgonuevo.com\/wp-content\/uploads\/2023\/12\/FF72C5F9-37BD-4FFB-98E7-BB2EE7D70E75_1_201_a-1024x416.jpeg\" alt=\"\" class=\"wp-image-2106\" srcset=\"https:\/\/yogaleonburgonuevo.com\/wp-content\/uploads\/2023\/12\/FF72C5F9-37BD-4FFB-98E7-BB2EE7D70E75_1_201_a-1024x416.jpeg 1024w, https:\/\/yogaleonburgonuevo.com\/wp-content\/uploads\/2023\/12\/FF72C5F9-37BD-4FFB-98E7-BB2EE7D70E75_1_201_a-300x122.jpeg 300w, https:\/\/yogaleonburgonuevo.com\/wp-content\/uploads\/2023\/12\/FF72C5F9-37BD-4FFB-98E7-BB2EE7D70E75_1_201_a-768x312.jpeg 768w, https:\/\/yogaleonburgonuevo.com\/wp-content\/uploads\/2023\/12\/FF72C5F9-37BD-4FFB-98E7-BB2EE7D70E75_1_201_a.jpeg 1094w\" sizes=\"(max-width: 1024px) 100vw, 1024px\" \/><\/figure>\n\n\n\n<figure class=\"wp-block-image aligncenter size-large is-resized is-style-rounded\"><img decoding=\"async\" width=\"763\" height=\"1024\" src=\"http:\/\/yogaleonburgonuevo.com\/wp-content\/uploads\/2021\/09\/20210917_094641-763x1024.jpg\" alt=\"\" class=\"wp-image-1714\" style=\"width:346px;height:396px\" srcset=\"https:\/\/yogaleonburgonuevo.com\/wp-content\/uploads\/2021\/09\/20210917_094641-763x1024.jpg 763w, https:\/\/yogaleonburgonuevo.com\/wp-content\/uploads\/2021\/09\/20210917_094641-224x300.jpg 224w, https:\/\/yogaleonburgonuevo.com\/wp-content\/uploads\/2021\/09\/20210917_094641-768x1031.jpg 768w, https:\/\/yogaleonburgonuevo.com\/wp-content\/uploads\/2021\/09\/20210917_094641-1144x1536.jpg 1144w, https:\/\/yogaleonburgonuevo.com\/wp-content\/uploads\/2021\/09\/20210917_094641-1526x2048.jpg 1526w, https:\/\/yogaleonburgonuevo.com\/wp-content\/uploads\/2021\/09\/20210917_094641-scaled.jpg 1907w\" sizes=\"(max-width: 763px) 100vw, 763px\" \/><\/figure>\n\n\n\n<p class=\"has-text-align-center\"><strong>DESDE 1995  IMPARTIENDO EN LE\u00d3N SOLO YOGA<\/strong><\/p>\n\n\n\n<p>La pr\u00e1ctica de yoga aporta<strong> grandes beneficios <\/strong>y es <strong>un importante aliado de nuestro bienestar general.<\/strong><\/p>\n\n\n\n<p>Nos hace m\u00e1s fuertes y flexibles,<strong> nos serena y nos equilibra<\/strong>. Cuerpo y mente a la vez-<\/p>\n\n\n\n<p>Nuestra inspiraci\u00f3n es el maestro BKS IYengar pero acedemos despacio a  las posturas, con preliminares, <strong>acentuando la hidrataci\u00f3n de todas las  articulaciones antes de abordar la pr\u00e1ctica de asana.<\/strong><\/p>\n\n\n\n<p><strong>Os animamos a escuchar hacia el interior<\/strong> para saber lo que pasa desde  dentro, y no tratar de hacer o copiar posturas inaccesibles que creemos  llenas de glamour, imitando a otra persona, o una imagen de un libro<\/p>\n\n\n\n<p><strong>Cuidamos personalmente del alumno, respetando su situaci\u00f3n y morfolog\u00eda.<\/strong><\/p>\n\n\n\n<p>Las profesoras del Centro de Yoga de Le\u00f3n Burgo Nuevo est\u00e1n <strong>en  constante formaci\u00f3n <\/strong>desde hace muchos a\u00f1os, bebiendo de las fuentes de  grandes maestros.<\/p>\n\n\n\n<p><\/p>\n\n\n\n<p>Haz algo por ti, practica yoga y deja que un profesional certificado te ayude en tu evoluci\u00f3n.<\/p>\n\n\n\n<div class=\"wp-block-group alignwide is-layout-flow wp-block-group-is-layout-flow\">\n<div class=\"wp-block-columns alignwide is-layout-flex wp-container-core-columns-is-layout-28f84493 wp-block-columns-is-layout-flex\">\n<div class=\"wp-block-column is-layout-flow wp-block-column-is-layout-flow\" style=\"flex-basis:34%\">\n<figure class=\"wp-block-image aligncenter\"><img decoding=\"async\" width=\"816\" height=\"1024\" src=\"http:\/\/yogaleonburgonuevo.com\/wp-content\/uploads\/2023\/12\/494EAF6D-DC52-473D-BCCC-08082EB01DD5_1_201_a-816x1024.jpeg\" alt=\"\" class=\"wp-image-2112\" srcset=\"https:\/\/yogaleonburgonuevo.com\/wp-content\/uploads\/2023\/12\/494EAF6D-DC52-473D-BCCC-08082EB01DD5_1_201_a-816x1024.jpeg 816w, https:\/\/yogaleonburgonuevo.com\/wp-content\/uploads\/2023\/12\/494EAF6D-DC52-473D-BCCC-08082EB01DD5_1_201_a-239x300.jpeg 239w, https:\/\/yogaleonburgonuevo.com\/wp-content\/uploads\/2023\/12\/494EAF6D-DC52-473D-BCCC-08082EB01DD5_1_201_a-768x964.jpeg 768w, https:\/\/yogaleonburgonuevo.com\/wp-content\/uploads\/2023\/12\/494EAF6D-DC52-473D-BCCC-08082EB01DD5_1_201_a.jpeg 1066w\" sizes=\"(max-width: 816px) 100vw, 816px\" \/><\/figure>\n<\/div>\n\n\n\n<div class=\"wp-block-column is-layout-flow wp-block-column-is-layout-flow\" style=\"flex-basis:66%\">\n<p><\/p>\n<\/div>\n<\/div>\n<\/div>\n\n\n\n<p>Silvia D. Chica<\/p>\n\n\n\n<p>Profesora Certificada de Yoga Iyengar y titulada en la Escuela Europea \u00abSources Vives\u00bb, Yoga, Aliento y Energ\u00eda.<\/p>\n\n\n\n<figure class=\"wp-block-image alignright size-large is-resized is-style-rounded\"><img loading=\"lazy\" decoding=\"async\" width=\"768\" height=\"1024\" src=\"http:\/\/yogaleonburgonuevo.com\/wp-content\/uploads\/2019\/09\/IMG_20181127_125905-768x1024.jpg\" alt=\"\" class=\"wp-image-1180\" style=\"width:184px;height:245px\" srcset=\"https:\/\/yogaleonburgonuevo.com\/wp-content\/uploads\/2019\/09\/IMG_20181127_125905-768x1024.jpg 768w, https:\/\/yogaleonburgonuevo.com\/wp-content\/uploads\/2019\/09\/IMG_20181127_125905-225x300.jpg 225w, https:\/\/yogaleonburgonuevo.com\/wp-content\/uploads\/2019\/09\/IMG_20181127_125905.jpg 1944w\" sizes=\"(max-width: 768px) 100vw, 768px\" \/><\/figure>\n\n\n\n<p>\u00bf<strong>En qu\u00e9 consiste el Yoga<\/strong>?<\/p>\n\n\n\n<figure class=\"wp-block-image alignright is-resized\"><img decoding=\"async\" src=\"https:\/\/centrodeyogadeleon.files.wordpress.com\/2012\/07\/arbol-2.jpg?w=340&amp;h=340\" alt=\"Silhouettes in yoga poses on the tree\" class=\"wp-image-625\" style=\"width:183px;height:183px\"\/><\/figure>\n\n\n\n<p>En la realizaci\u00f3n de una serie de posturas (<strong>\u00e1sana<\/strong>) y ejercicios respiratorios (<strong>pranayama<\/strong>),&nbsp; que act\u00faan tanto sobre el cuerpo como sobre la mente, desarrollando en el cuerpo\n la fortaleza, la elasticidad, la capacidad de movimiento, el equilibrio\n y la salud, y en la mente la voluntad, la claridad, la ecuanimidad, la \natenci\u00f3n, la concentraci\u00f3n y la paz interior,<strong> transformando en \nconsecuencia la ansiedad y el estr\u00e9s tan habitual en la vida de hoy, por\n un estado de bienestar general, confianza y salud.<\/strong><\/p>\n\n\n\n<p><strong>Sobre Yoga Iyengar<\/strong><\/p>\n\n\n\n<p>Seg\u00fan el mismo Prashant Iyengar, hijo del Maestro, \u201cel yoga  desarrollado por B.K.S. Iyengar, traza la espiritualizaci\u00f3n de las  \u00e1sanas, con la caracter\u00edstica fundamental de <strong>hacerse uno mismo objeto de estudio<\/strong>,  en los diferentes planos de nuestro ser: el cuerpo, la mente, la  inteligencia, los sentidos, la atenci\u00f3n, la conciencia, las emociones.  <strong>El proceso de autoan\u00e1lisis, de autoinvestigaci\u00f3n es el sello de nuestro  sistema.<\/strong><\/p>\n\n\n\n<figure class=\"wp-block-image alignleft is-resized\"><a href=\"https:\/\/centrodeyogadeleon.files.wordpress.com\/2012\/07\/74725_2026071789629_1779081331_991121_640903487_n.jpg\"><img decoding=\"async\" src=\"https:\/\/centrodeyogadeleon.files.wordpress.com\/2012\/07\/74725_2026071789629_1779081331_991121_640903487_n.jpg?w=300&amp;h=247\" alt=\"\" class=\"wp-image-211\" style=\"width:238px;height:197px\"\/><\/a><\/figure>\n\n\n\n<p>Lo que B.K.S. Iyengar ha hecho es dar un car\u00e1cter \u00abcient\u00edfico\u00bb a las \n\u00e1sanas, a los aspectos pr\u00e1cticos del yoga. Las \u00e1sanas se han hecho \nintr\u00ednsecamente y\u00f3guicas, ha a\u00f1adido an\u00e1lisis y reflexi\u00f3n en sus \npr\u00e1cticas.\u201d<\/p>\n\n\n\n<p><strong>La alineaci\u00f3n correcta <\/strong>de articulaciones y estructuras \u00f3seas es un elemento fundamental para el correcto funcionamiento de todos nuestros sistemas.<\/p>\n\n\n\n<p>Con ello el movimiento y la relaci\u00f3n de unos huesos respecto a otros \nse produce con el m\u00ednimo de rozamiento de articular y con una mayor \neficacia muscular, previniendo lesiones y enfermedades degenerativas. A \nla vez que se crea el <strong>espacio interior<\/strong> necesario para \nun mejor funcionamiento de los \u00f3rganos internos, aumenta el riego \nsangu\u00edneo en extensi\u00f3n y en eficacia en la absorci\u00f3n de ox\u00edgeno a nivel \ncelular, mejorando a su vez la actividad del sistema linf\u00e1tico, lo que \ngenera un<strong> mayor bienestar y un cuerpo m\u00e1s sano y equilibrado.<\/strong><\/p>\n\n\n\n<p>Para alcanzar la alineaci\u00f3n corporal correcta es necesario <strong>precisi\u00f3n en los detalles t\u00e9cnicos<\/strong>, para una colocaci\u00f3n adecuada de cada parte del cuerpo, lo que exige un aumento del <strong>nivel de atenci\u00f3n y concentraci\u00f3n<\/strong> y una comunicaci\u00f3n sensitiva muy activa e intensa con cada parte del cuerpo implicada en las acciones requeridas.<\/p>\n\n\n\n<p>Ello requiere a su vez un <strong>tiempo de permanencia<\/strong> m\u00ednimo en cada postura para que pueda lograrse la precisi\u00f3n t\u00e9cnica necesaria.<\/p>\n\n\n\n<figure class=\"wp-block-image aligncenter size-large is-resized is-style-rounded\"><img loading=\"lazy\" decoding=\"async\" width=\"1024\" height=\"599\" src=\"http:\/\/yogaleonburgonuevo.com\/wp-content\/uploads\/2022\/08\/WhatsApp-Image-2022-03-26-at-22.00.03-1024x599.jpeg\" alt=\"\" class=\"wp-image-1910\" style=\"width:400px;height:236px\" srcset=\"https:\/\/yogaleonburgonuevo.com\/wp-content\/uploads\/2022\/08\/WhatsApp-Image-2022-03-26-at-22.00.03-1024x599.jpeg 1024w, https:\/\/yogaleonburgonuevo.com\/wp-content\/uploads\/2022\/08\/WhatsApp-Image-2022-03-26-at-22.00.03-300x176.jpeg 300w, https:\/\/yogaleonburgonuevo.com\/wp-content\/uploads\/2022\/08\/WhatsApp-Image-2022-03-26-at-22.00.03-768x449.jpeg 768w, https:\/\/yogaleonburgonuevo.com\/wp-content\/uploads\/2022\/08\/WhatsApp-Image-2022-03-26-at-22.00.03-1536x899.jpeg 1536w, https:\/\/yogaleonburgonuevo.com\/wp-content\/uploads\/2022\/08\/WhatsApp-Image-2022-03-26-at-22.00.03.jpeg 1948w\" sizes=\"(max-width: 1024px) 100vw, 1024px\" \/><\/figure>\n\n\n\n<p>Como consecuencia de lo anterior la<strong> pr\u00e1ctica<\/strong> se torna<strong> intensa<\/strong>,\n no tanto en el sentido del esfuerzo corporal, sino en el de la atenci\u00f3n\n y presencia mental que requiere, de comunicaci\u00f3n profunda con nuestro \ninterior, alcanz\u00e1ndose un estado, como expresa B.K.S. Iyengar, de \naut\u00e9ntica \u201cmeditaci\u00f3n en la acci\u00f3n\u201d, despertando \u201cla inteligencia de las\n c\u00e9lulas\u201d en el persistente di\u00e1logo que establecemos con los m\u00fasculos, \nhuesos, articulaciones, \u00f3rganos, tejidos, fibras y c\u00e9lulas durante la \npr\u00e1ctica de YOGA IYENGAR\u00ae.<\/p>\n\n\n\n<p>Por todo ello, a trav\u00e9s de una <strong>pr\u00e1ctica regular y constante<\/strong>\n el cuerpo se torna vibrante y din\u00e1mico, la mente serena y calmada, \nconvirti\u00e9ndose, la pr\u00e1ctica en s\u00ed, en un proceso de estudio, de \ndescubrimiento y exploraci\u00f3n de uno mismo, no s\u00f3lo en el \n\u00e1mbito&nbsp;corporal, sino en el emocional,mental y espiritual, lo que confiere a la pr\u00e1ctica su aut\u00e9ntica dimensi\u00f3n espiritual.<\/p>\n\n\n\n<figure class=\"wp-block-image alignleft size-large is-resized is-style-rounded\"><img loading=\"lazy\" decoding=\"async\" width=\"1024\" height=\"768\" src=\"http:\/\/yogaleonburgonuevo.com\/wp-content\/uploads\/2020\/12\/20201119_181642-1024x768.jpg\" alt=\"\" class=\"wp-image-1549\" style=\"width:375px;height:281px\" srcset=\"https:\/\/yogaleonburgonuevo.com\/wp-content\/uploads\/2020\/12\/20201119_181642-1024x768.jpg 1024w, https:\/\/yogaleonburgonuevo.com\/wp-content\/uploads\/2020\/12\/20201119_181642-300x225.jpg 300w, https:\/\/yogaleonburgonuevo.com\/wp-content\/uploads\/2020\/12\/20201119_181642-768x576.jpg 768w, https:\/\/yogaleonburgonuevo.com\/wp-content\/uploads\/2020\/12\/20201119_181642-1536x1152.jpg 1536w, https:\/\/yogaleonburgonuevo.com\/wp-content\/uploads\/2020\/12\/20201119_181642-2048x1536.jpg 2048w\" sizes=\"(max-width: 1024px) 100vw, 1024px\" \/><\/figure>\n\n\n\n<p>Las clases de YOGA IYENGAR\u00ae contemplan cada uno de los ocho estadios \ndescritos por Pata\u00f1jali, poniendo el \u00e9nfasis en la pr\u00e1ctica regular de \ndos de ellos: asana (posturas) y pranayama (t\u00e9cnicas de respiraci\u00f3n).<\/p>\n\n\n\n<p><strong><em>Asana (posturas):<\/em><\/strong> cuyos efectos saludables \nse extienden sobre los sistemas muscular, digestivo, circulatorio, \nglandular, nervioso, as\u00ed como sobre otros sistemas del cuerpo.<\/p>\n\n\n\n<figure class=\"wp-block-image alignright size-large\"><img decoding=\"async\" src=\"blob:http:\/\/yogaleonburgonuevo.com\/c72b0bc3-03ef-4f24-880a-ef3e63878002\" alt=\"1\" class=\"wp-image-805\"\/><\/figure>\n\n\n\n<p><em><strong>Pranayama (t\u00e9cnicas de respiraci\u00f3n):<\/strong><\/em> \nObservaci\u00f3n consciente de las diferentes fases respiratorias, actuando \nvoluntariamente sobre ellas. Siempre muy despacio, escuchando y dando \ntiempo a las sensaciones.<\/p>\n\n\n\n<p><strong>Soportes<\/strong><\/p>\n\n\n\n<p><strong>Un elemento diferenciador destacable es el uso de gran cantidad de soportes<\/strong>:  mantas, cinturones, sillas, tacos de madera, almohadones, y un largo  etc\u00e9tera, dise\u00f1ados por el maestro Iyengar (Guruyi) para que personas  con problemas, dificultades o discapacidades puedan realizar la pr\u00e1ctica  correctamente y recibir el beneficio correspondiente.<\/p>\n\n\n\n<figure class=\"wp-block-image alignleft size-large is-resized is-style-rounded\"><img loading=\"lazy\" decoding=\"async\" width=\"1024\" height=\"768\" src=\"http:\/\/yogaleonburgonuevo.com\/wp-content\/uploads\/2020\/12\/120495628_3867030586659154_3244622172822403545_o-1024x768.jpg\" alt=\"\" class=\"wp-image-1557\" style=\"width:286px;height:215px\" srcset=\"https:\/\/yogaleonburgonuevo.com\/wp-content\/uploads\/2020\/12\/120495628_3867030586659154_3244622172822403545_o-1024x768.jpg 1024w, https:\/\/yogaleonburgonuevo.com\/wp-content\/uploads\/2020\/12\/120495628_3867030586659154_3244622172822403545_o-300x225.jpg 300w, https:\/\/yogaleonburgonuevo.com\/wp-content\/uploads\/2020\/12\/120495628_3867030586659154_3244622172822403545_o-768x576.jpg 768w, https:\/\/yogaleonburgonuevo.com\/wp-content\/uploads\/2020\/12\/120495628_3867030586659154_3244622172822403545_o-1536x1152.jpg 1536w, https:\/\/yogaleonburgonuevo.com\/wp-content\/uploads\/2020\/12\/120495628_3867030586659154_3244622172822403545_o.jpg 2048w\" sizes=\"(max-width: 1024px) 100vw, 1024px\" \/><\/figure>\n\n\n\n<p><\/p>\n\n\n\n<p><\/p>\n\n\n\n<p><\/p>\n\n\n\n<figure class=\"wp-block-image alignright size-large is-resized is-style-rounded\"><a href=\"https:\/\/centrodeyogadeleon.files.wordpress.com\/2012\/07\/mg_6932.jpg\"><img loading=\"lazy\" decoding=\"async\" width=\"1024\" height=\"768\" src=\"http:\/\/yogaleonburgonuevo.com\/wp-content\/uploads\/2020\/12\/20201215_195630-1024x768.jpg\" alt=\"\" class=\"wp-image-1552\" style=\"width:325px;height:244px\" srcset=\"https:\/\/yogaleonburgonuevo.com\/wp-content\/uploads\/2020\/12\/20201215_195630-1024x768.jpg 1024w, https:\/\/yogaleonburgonuevo.com\/wp-content\/uploads\/2020\/12\/20201215_195630-300x225.jpg 300w, https:\/\/yogaleonburgonuevo.com\/wp-content\/uploads\/2020\/12\/20201215_195630-768x576.jpg 768w, https:\/\/yogaleonburgonuevo.com\/wp-content\/uploads\/2020\/12\/20201215_195630-1536x1152.jpg 1536w, https:\/\/yogaleonburgonuevo.com\/wp-content\/uploads\/2020\/12\/20201215_195630-2048x1536.jpg 2048w\" sizes=\"(max-width: 1024px) 100vw, 1024px\" \/><\/a><\/figure>\n\n\n\n<p>Si quieres comenzar la pr\u00e1ctica de Yoga, busca un profesor \ncertificado, no te aventures a hacer posturas avanzadas sin el consejo \nde un profesor con experiencia en la ense\u00f1anza.<\/p>\n\n\n\n<p>No cedas la soberan\u00eda de tu cuerpo a cualquier persona, pregunta por  su trayectoria, debes saber que te van a tratar personalmente&nbsp; y  cuestiona y verifica en tu cuerpo todas las ense\u00f1anzas.<\/p>\n\n\n\n<figure class=\"wp-block-image aligncenter\"><img loading=\"lazy\" decoding=\"async\" width=\"300\" height=\"125\" src=\"http:\/\/yogaleonburgonuevo.com\/wp-content\/uploads\/2020\/01\/logo-redondobks-300x125.png\" alt=\"\" class=\"wp-image-1332\" srcset=\"https:\/\/yogaleonburgonuevo.com\/wp-content\/uploads\/2020\/01\/logo-redondobks-300x125.png 300w, https:\/\/yogaleonburgonuevo.com\/wp-content\/uploads\/2020\/01\/logo-redondobks-768x321.png 768w, https:\/\/yogaleonburgonuevo.com\/wp-content\/uploads\/2020\/01\/logo-redondobks.png 862w\" sizes=\"(max-width: 300px) 100vw, 300px\" \/><\/figure>\n\n\n\n<p>ESTAMOS EN LA CALLE GARC\u00cdA I, 2- <\/p>\n\n\n\n<p>ENTRE EL CONSERVATORIO DE M\u00daSICA Y LA COMISAR\u00cdA<\/p>\n\n\n\n<p><\/p>\n\n\n\n<p>LEY DE PROTECCI\u00d3N DE DATOS<\/p>\n\n\n\n<p class=\"has-small-font-size\">La informaci\u00f3n contenida en este mensaje y los archivos adjuntos es confidencial, cualquier modificaci\u00f3n, retransmisi\u00f3n, difusi\u00f3n u otro uso de esta informaci\u00f3n por personas o entidades distintas a las personas a la que va dirigida est\u00e1 prohibida salvo que est\u00e9 autorizado expresamente por el emisor del mensaje. Si recibe este mensaje por error, por favor borre el mensaje de cualquier ordenador sin copiarlo ni comunicarlo e informe al emisor del mismo. Aunque SILVIA D\u00cdAZ CHICA ha adoptado las precauciones necesarias, recomendamos adopte las medidas oportunas para comprobar que no existen, en este mensaje, elementos que puedan afectar a su equipo inform\u00e1tico. SILVIA D\u00cdAZ CHICA no aceptar\u00e1 ninguna responsabilidad acerca de los da\u00f1os o p\u00e9rdidas que pudieran producirse por este motivo. Asimismo, le informamos que las manifestaciones contenidas en el mensaje son responsabilidad exclusiva y personal de quien lo env\u00eda.<\/p>\n\n\n\n<p class=\"has-small-font-size\">Usted podr\u00e1 ejercer los derechos de acceso, rectificaci\u00f3n, supresi\u00f3n, oposici\u00f3n, limitaci\u00f3n del tratamiento, portabilidad de datos y a no ser objeto de decisiones individualizadas automatizadas, en relaci\u00f3n con los datos objeto del tratamiento, ante el responsable del tratamiento SILVIA D\u00cdAZ CHICA, en la direcci\u00f3n CALLE GARC\u00cdA I, 2 24003 &#8211; LE\u00d3N (LE\u00d3N), o por correo electr\u00f3nico a&nbsp;<a rel=\"noreferrer noopener\" href=\"mailto:silvidchica@gmail.com\" target=\"_blank\">silvidchica@gmail.com<\/a>,&nbsp;adjuntando copia de su DNI o documento equivalente. En caso de que no haya obtenido satisfacci\u00f3n en el ejercicio de sus derechos, podr\u00e1 presentar una reclamaci\u00f3n ante la&nbsp;&nbsp;<em>Autoridad de Control en materia Protecci\u00f3n de Datos competente,&nbsp;<\/em>siendo \u00e9sta la&nbsp;<em>Agencia Espa\u00f1ola de Protecci\u00f3n de Datos,&nbsp;<\/em>y cuyos datos de contacto est\u00e1n accesibles en&nbsp;<a rel=\"noreferrer noopener\" href=\"https:\/\/sedeagpd.gob.es\/sede-electronica-web\/vistas\/formNuevaReclamacion\/reclamacion.jsf\" target=\"_blank\"><em>https:\/\/sedeagpd.gob.es\/sede-electronica-web\/vistas\/formNuevaReclamacion\/reclamacion.jsf<\/em><\/a><em>.<\/em><\/p>\n\n\n\n<p class=\"has-small-font-size\"><\/p>\n","protected":false},"excerpt":{"rendered":"<p>DESDE 1995 IMPARTIENDO EN LE\u00d3N SOLO YOGA La pr\u00e1ctica de yoga aporta grandes beneficios y es un importante aliado de nuestro bienestar general. Nos hace m\u00e1s fuertes y flexibles, nos serena y nos equilibra. Cuerpo y mente a la vez- Nuestra inspiraci\u00f3n es el maestro BKS IYengar pero acedemos despacio a las posturas, con preliminares, [&hellip;]<\/p>\n","protected":false},"author":1,"featured_media":1172,"parent":0,"menu_order":0,"comment_status":"closed","ping_status":"closed","template":"","meta":{"footnotes":""},"class_list":["post-1171","page","type-page","status-publish","has-post-thumbnail","hentry"],"_links":{"self":[{"href":"https:\/\/yogaleonburgonuevo.com\/index.php\/wp-json\/wp\/v2\/pages\/1171","targetHints":{"allow":["GET"]}}],"collection":[{"href":"https:\/\/yogaleonburgonuevo.com\/index.php\/wp-json\/wp\/v2\/pages"}],"about":[{"href":"https:\/\/yogaleonburgonuevo.com\/index.php\/wp-json\/wp\/v2\/types\/page"}],"author":[{"embeddable":true,"href":"https:\/\/yogaleonburgonuevo.com\/index.php\/wp-json\/wp\/v2\/users\/1"}],"replies":[{"embeddable":true,"href":"https:\/\/yogaleonburgonuevo.com\/index.php\/wp-json\/wp\/v2\/comments?post=1171"}],"version-history":[{"count":34,"href":"https:\/\/yogaleonburgonuevo.com\/index.php\/wp-json\/wp\/v2\/pages\/1171\/revisions"}],"predecessor-version":[{"id":2165,"href":"https:\/\/yogaleonburgonuevo.com\/index.php\/wp-json\/wp\/v2\/pages\/1171\/revisions\/2165"}],"wp:featuredmedia":[{"embeddable":true,"href":"https:\/\/yogaleonburgonuevo.com\/index.php\/wp-json\/wp\/v2\/media\/1172"}],"wp:attachment":[{"href":"https:\/\/yogaleonburgonuevo.com\/index.php\/wp-json\/wp\/v2\/media?parent=1171"}],"curies":[{"name":"wp","href":"https:\/\/api.w.org\/{rel}","templated":true}]}}